{"id":32,"date":"2020-12-20T01:25:30","date_gmt":"2020-12-20T00:25:30","guid":{"rendered":"https:\/\/www.blau-weisse-jungs.de\/?page_id=32"},"modified":"2022-02-10T21:26:32","modified_gmt":"2022-02-10T20:26:32","slug":"repertoire","status":"publish","type":"page","link":"https:\/\/www.blau-weisse-jungs.de\/?page_id=32","title":{"rendered":"Repertoire"},"content":{"rendered":"\n<h2 class=\"wp-block-heading\" id=\"shantychor-blau-weisse-jungs\">Shantychor \u201eBlau-weisse Jungs\u201c<\/h2>\n\n\n\n<p>Der Verein hat sich auf die Fahnen geschrieben: die Erhaltung der Volkslieder- und weisen sowie Lieder vorzutragen, die den B\u00fcrgern Freude und Fr\u00f6hlichkeit vermitteln. Der Ahrensb\u00f6ker M\u00e4nnerchor bietet heute ein klassisches, mehrstimmiges Liedprogramm an. Als Shantychor &#8222;Blau-weisse Jungs&#8220; pr\u00e4sentiert sich die Liedertafel mit launischen und frechen Liedern von der Waterkant. Damit ist der Chor in der Lage, sich aufgrund des variablen Musikspektrums auf die W\u00fcnsche der Zuh\u00f6rer kurzfristig einzustellen.<\/p>\n\n\n\n<p>Lieber Leser, auch Sie k\u00f6nnen uns &#8211; nach Absprache &#8211; gegen Honorar f\u00fcr Auftritte bei Festen und Feiern anheuern. Den Zeitrahmen des Auftrittes legen Sie fest, der sich zwischen 20 Minuten und bis zu zwei Stunden bewegen kann. <a href=\"https:\/\/www.blau-weisse-jungs.de\/?page_id=7\" data-type=\"page\" data-id=\"7\">Hier<\/a> finden Sie unsere Kontaktadressen, \u00fcber die Sie uns jederzeit gerne unverbindlich ansprechen k\u00f6nnen!<\/p>\n\n\n\n<p><strong>Ein Auszug aus unserem Repertoire:<\/strong><\/p>\n\n\n\n<div class=\"wp-block-columns is-layout-flex wp-container-core-columns-is-layout-9d6595d7 wp-block-columns-is-layout-flex\">\n<div class=\"wp-block-column is-vertically-aligned-top is-layout-flow wp-block-column-is-layout-flow\">\n<ul class=\"wp-block-list\"><li>A long time ago<\/li><li>Bei Windst\u00e4rke 4<\/li><li>Blau ist das Meer<\/li><li>Can&#8217;t you dance<\/li><li>De Hamborger Veermaster<\/li><li>Der Junge an der Reeling<\/li><li>Die Kneipe am Moor<\/li><li>Einmal noch nach Bombay<\/li><li>Good Night, Ladies<\/li><li>Gorch Fock Lied<\/li><li>Hafenunterricht<\/li><li>Heute an Bord<\/li><li>In der Heimat an der Waterkant<\/li><li>John Kanaka<\/li><li>Kari waits for me<\/li><\/ul>\n<\/div>\n\n\n\n<div class=\"wp-block-column is-layout-flow wp-block-column-is-layout-flow\">\n<ul class=\"wp-block-list\"><li>Leise kommt die Nacht<\/li><li>Madagaskar<\/li><li>Magellan Song<\/li><li>Molly Malone<\/li><li>My Bonnie<\/li><li>Rum aus Jamaika<\/li><li>Rund um Kap Hoorn<\/li><li>Sailing<\/li><li>Schwer mit den Sch\u00e4tzen<\/li><li>Seemann, deine Heimat ist das Meer<\/li><li>\u00dcber uns der blaue Himmel<\/li><li>What shall we do<\/li><li>Winde wehn<\/li><li>Wo de Ostseewellen<\/li><\/ul>\n<\/div>\n<\/div>\n","protected":false},"excerpt":{"rendered":"<p>Shantychor \u201eBlau-weisse Jungs\u201c Der Verein hat sich auf die Fahnen geschrieben: die Erhaltung der Volkslieder- und weisen sowie Lieder vorzutragen,&hellip;<\/p>\n","protected":false},"author":1,"featured_media":594,"parent":0,"menu_order":0,"comment_status":"closed","ping_status":"closed","template":"","meta":{"_vp_format_video_url":"","_vp_image_focal_point":[],"footnotes":""},"class_list":["post-32","page","type-page","status-publish","has-post-thumbnail","hentry"],"_links":{"self":[{"href":"https:\/\/www.blau-weisse-jungs.de\/index.php?rest_route=\/wp\/v2\/pages\/32","targetHints":{"allow":["GET"]}}],"collection":[{"href":"https:\/\/www.blau-weisse-jungs.de\/index.php?rest_route=\/wp\/v2\/pages"}],"about":[{"href":"https:\/\/www.blau-weisse-jungs.de\/index.php?rest_route=\/wp\/v2\/types\/page"}],"author":[{"embeddable":true,"href":"https:\/\/www.blau-weisse-jungs.de\/index.php?rest_route=\/wp\/v2\/users\/1"}],"replies":[{"embeddable":true,"href":"https:\/\/www.blau-weisse-jungs.de\/index.php?rest_route=%2Fwp%2Fv2%2Fcomments&post=32"}],"version-history":[{"count":14,"href":"https:\/\/www.blau-weisse-jungs.de\/index.php?rest_route=\/wp\/v2\/pages\/32\/revisions"}],"predecessor-version":[{"id":891,"href":"https:\/\/www.blau-weisse-jungs.de\/index.php?rest_route=\/wp\/v2\/pages\/32\/revisions\/891"}],"wp:featuredmedia":[{"embeddable":true,"href":"https:\/\/www.blau-weisse-jungs.de\/index.php?rest_route=\/wp\/v2\/media\/594"}],"wp:attachment":[{"href":"https:\/\/www.blau-weisse-jungs.de\/index.php?rest_route=%2Fwp%2Fv2%2Fmedia&parent=32"}],"curies":[{"name":"wp","href":"https:\/\/api.w.org\/{rel}","templated":true}]}}